{"id":2,"date":"2017-06-09T19:57:06","date_gmt":"2017-06-09T19:57:06","guid":{"rendered":"https:\/\/offensive-gewerkschaftspolitik.de\/?page_id=2"},"modified":"2018-07-02T08:57:36","modified_gmt":"2018-07-02T06:57:36","slug":"sample-page","status":"publish","type":"page","link":"https:\/\/offensive-gewerkschaftspolitik.de\/index.php\/sample-page\/","title":{"rendered":"Offensive Gewerkschaftspolitik"},"content":{"rendered":"<p><strong><span style=\"color: #000000; font-size: medium;\">Das \u201eForum offensive Gewerkschaftspolitik\u201c\u2026<\/span><\/strong><\/p>\n<p><strong><span style=\"color: #000000; font-size: medium;\">\u00a0<\/span><\/strong><span style=\"color: #000000; font-size: medium;\"><strong>\u2026<\/strong> engagiert sich f\u00fcr eine k\u00e4mpferische Gewerkschaftspolitik, deren Sto\u00dfrichtung durch die <a href=\"https:\/\/offensive-gewerkschaftspolitik.de\/index.php\/7-thesen\/\">Thesen<\/a>\u00a0beschrieben wird. Die Thesen sind dabei Ausdruck des bisherigen Diskussionsstandes und werden kontinuierlich weiterentwickelt;<\/span><\/p>\n<p><span style=\"color: #000000; font-size: medium;\"><strong>\u2026<\/strong> ist \u00fcberparteilich;<\/span><\/p>\n<p><span style=\"color: #000000; font-size: medium;\"><strong>\u2026<\/strong> reflektiert Theorie und Praxis der Gewerkschaftsarbeit in und mit der IG Metall;<\/span><\/p>\n<p><span style=\"color: #000000; font-size: medium;\"><strong>\u2026<\/strong> wendet sich an alle interessierten Gewerkschaftsekret\u00e4rinnen und Gewerkschaftssekret\u00e4re der IG Metall.<\/span><\/p>\n<p>Alle Inhalte sind derzeit noch vorbehaltlich der Zustimmung des Arbeitskreises und daher im Entwurfsstatus.<\/p>\n","protected":false},"excerpt":{"rendered":"<p>Das \u201eForum offensive Gewerkschaftspolitik\u201c\u2026 \u00a0\u2026 engagiert sich f\u00fcr eine k\u00e4mpferische Gewerkschaftspolitik, deren Sto\u00dfrichtung durch die Thesen\u00a0beschrieben wird. Die Thesen sind dabei Ausdruck des bisherigen Diskussionsstandes und werden kontinuierlich weiterentwickelt; \u2026 ist \u00fcberparteilich; \u2026 reflektiert Theorie und Praxis der Gewerkschaftsarbeit in und mit der IG Metall; \u2026 wendet sich an alle interessierten Gewerkschaftsekret\u00e4rinnen und Gewerkschaftssekret\u00e4re der <a class=\"more-link\" href=\"https:\/\/offensive-gewerkschaftspolitik.de\/index.php\/sample-page\/\">Weiterlesen &#8230;<\/a><\/p>\n","protected":false},"author":1,"featured_media":0,"parent":0,"menu_order":0,"comment_status":"closed","ping_status":"closed","template":"","meta":{"footnotes":""},"class_list":["post-2","page","type-page","status-publish","hentry"],"_links":{"self":[{"href":"https:\/\/offensive-gewerkschaftspolitik.de\/index.php\/wp-json\/wp\/v2\/pages\/2","targetHints":{"allow":["GET"]}}],"collection":[{"href":"https:\/\/offensive-gewerkschaftspolitik.de\/index.php\/wp-json\/wp\/v2\/pages"}],"about":[{"href":"https:\/\/offensive-gewerkschaftspolitik.de\/index.php\/wp-json\/wp\/v2\/types\/page"}],"author":[{"embeddable":true,"href":"https:\/\/offensive-gewerkschaftspolitik.de\/index.php\/wp-json\/wp\/v2\/users\/1"}],"replies":[{"embeddable":true,"href":"https:\/\/offensive-gewerkschaftspolitik.de\/index.php\/wp-json\/wp\/v2\/comments?post=2"}],"version-history":[{"count":9,"href":"https:\/\/offensive-gewerkschaftspolitik.de\/index.php\/wp-json\/wp\/v2\/pages\/2\/revisions"}],"predecessor-version":[{"id":26,"href":"https:\/\/offensive-gewerkschaftspolitik.de\/index.php\/wp-json\/wp\/v2\/pages\/2\/revisions\/26"}],"wp:attachment":[{"href":"https:\/\/offensive-gewerkschaftspolitik.de\/index.php\/wp-json\/wp\/v2\/media?parent=2"}],"curies":[{"name":"wp","href":"https:\/\/api.w.org\/{rel}","templated":true}]}}