{"id":386,"date":"2022-04-27T12:28:26","date_gmt":"2022-04-27T10:28:26","guid":{"rendered":"https:\/\/offensive-gewerkschaftspolitik.de\/?page_id=386"},"modified":"2025-01-21T10:14:47","modified_gmt":"2025-01-21T09:14:47","slug":"gewerkschaften-fuer-den-frieden","status":"publish","type":"page","link":"https:\/\/offensive-gewerkschaftspolitik.de\/index.php\/gewerkschaften-fuer-den-frieden\/","title":{"rendered":"Gewerkschaften f\u00fcr den Frieden"},"content":{"rendered":"\n<p><strong>HET BO\u0419HE \u2013 Nein zum Krieg!<\/strong><br>Der Krieg in der Ukraine hat uns in eine Art Schockzustand versetzt. Viele haben es sich nicht vorstellen k\u00f6nnen, dass auf dem europ\u00e4ischen Kontinent erneut ein Krieg ausbricht, der auch die Gefahr einer weiteren Eskalation zu einem 3. Weltkrieg beinhaltet.<br>Als Gewerkschafterinnen und Gewerkschafter positionieren wir uns gegen diesen Angriffskrieg und solidarisieren uns mit den betroffenen Menschen in der Ukraine sowie den Friedensaktivistinnen und -aktivisten in Russland. Zusammen fordern wir, dass der Krieg sofort beendet wird!<br>Gemeinsam mit zahlreichen Menschen stellen wir uns gegen das 100 Milliarden Sonderverm\u00f6gen f\u00fcr die Bundeswehr und die Verankerung des 2% Ziels im Grundgesetz, welche nun im Schatten dieser schrecklichen Ereignisse durchgesetzt werden sollen.<\/p>\n\n\n\n<p>Diese aktuellen Entwicklungen in Deutschland und der Welt stehen entgegen der Ziele unserer IG Metall, welche &#8220;sich f\u00fcr die Sicherung und den Ausbau des sozialen Rechtsstaates und die weitere Demokratisierung von Wirtschaft, Staat und Gesellschaft, f\u00fcr Frieden, Abr\u00fcstung und V\u00f6lkerverst\u00e4ndigung und den Schutz der nat\u00fcrlichen Umwelt zur Sicherung der Existenz der Menschheit [einsetzt]&#8221; (\u00a72 der IG Metall Satzung, \u00bbAufgaben und Ziele\u00ab).<\/p>\n\n\n\n<p><strong>Wir dokumentieren hier Beschl\u00fcsse und andere Aktivit\u00e4ten von Gewerkschafterinnen und Gewerkschaftern gegen den Krieg, f\u00fcr Frieden und Abr\u00fcstung.<\/strong> <\/p>\n\n\n\n<p>Wir freuen uns \u00fcber weitere Einsendungen an <a href=\"mailto:info@offensive-gewerkschaftspolitik.de\">info@offensive-gewerkschaftspolitik.de<\/a>.<br><br>Den Appell:<strong> &#8220;HET BO\u0419HE \u2013 Nein zum Krieg!<\/strong> <strong>Demokratie und Sozialstaat bewahren \u2013 Keine Hochr\u00fcstung ins Grundgesetz!&#8221; <\/strong>haben nun fast 50.000 Menschen unterschrieben, darunter zahlreiche Gewerkschafter*innen. Unterschreib jetzt auch du: <a rel=\"noreferrer noopener\" href=\"http:\/\/www.derappell.de\" data-type=\"URL\" data-id=\"www.derappell.de\" target=\"_blank\">www.derappell.de<\/a><\/p>\n\n\n\n<p><strong><a rel=\"noreferrer noopener\" href=\"https:\/\/offensive-gewerkschaftspolitik.de\/wp-content\/uploads\/2022\/04\/Handreichung-Frieden-und-Abruestung.pdf\" data-type=\"URL\" data-id=\"https:\/\/offensive-gewerkschaftspolitik.de\/wp-content\/uploads\/2022\/04\/Handreichung-Frieden-und-Abruestung.pdf\" target=\"_blank\">OGP-Handreichung f\u00fcr Frieden und Abr\u00fcstung<\/a><\/strong>: &#8220;Warum ist die IG Metall gegen Krieg?, Warum ist Aufr\u00fcstung keine L\u00f6sung?, Was wird aus Transformation und sozial-\u00f6kologischem Wandel?, &#8230; Diese Handreichung will einige Denkanst\u00f6\u00dfe f\u00fcr die Debatte und Beschlussfassung liefern.&#8221;<\/p>\n\n\n\n<p><em>Sozialismus<\/em>, Heft\u00a07\/8-2022: <a rel=\"noreferrer noopener\" href=\"https:\/\/www.sozialismus.de\/fileadmin\/users\/sozialismus\/Leseproben\/2022\/Sozialismus_Heft_07-2022_L1_Schaefer_Seeger.pdf\" target=\"_blank\">&#8220;Frieden und Abr\u00fcstung. Zur aktuellen Debatte in den Gewerkschaften&#8221;<\/a> von <strong>Jens Sch\u00e4fer<\/strong> (Betriebsratsvorsitzender ZF-WABCO in Hannover und Mitglied der IG Metall Bezirkskommission) und<strong>\u00a0Mark Seeger\u00a0<\/strong>(IG Metall Vertrauensk\u00f6rperleiter und Betriebsratsmitglied Volkswagen Braunschweig).<\/p>\n\n\n\n<p>18. Juni 2022: Resolution der Delegierten der <strong>IG Metall Hannover <\/strong><a href=\"https:\/\/offensive-gewerkschaftspolitik.de\/wp-content\/uploads\/2022\/06\/2022_06_18-Resulution-Ukraine-Abstimmungsversion-1.pdf\">&#8220;F\u00fcr eine Welt in Frieden, Abr\u00fcstung und V\u00f6lkerverst\u00e4ndigung F\u00fcr Frieden und Demokratie in der Ukraine&#8221;<\/a><\/p>\n\n\n\n<p>16. Juni 2022: Initiativantrag <strong>Bezirkskonferenz Niedersachsen und Sachsen-Anhalt<\/strong> <a href=\"https:\/\/offensive-gewerkschaftspolitik.de\/wp-content\/uploads\/2022\/06\/Initiativantrag-zur-Bezirkskonferenz-Niedersachsen-und-LSA-Gegen-Krieg-und-Aufruestung.pdf\">&#8220;Gegen den Krieg und Aufr\u00fcstung&#8221;<\/a><\/p>\n\n\n\n<p>18. April 2022: <a rel=\"noreferrer noopener\" href=\"https:\/\/youtu.be\/_Bw2drxfgJ0?t=66\" target=\"_blank\">Rede des ersten Bevollm\u00e4chtigten der IG Metall Gesch\u00e4ftsstelle Frankfurt<\/a>, <strong>Michael Erhardt<\/strong>, auf dem <strong>Ostermarsch 2022<\/strong> f\u00fcr den Frieden und ein sofortiges Ende der Kriege in der Ukraine und auf der Welt.<\/p>\n\n\n\n<p>28. M\u00e4rz 2022: Resolution der Delegiertenversammlung der <strong>IG Metall Salzgitter-Peine<\/strong>: <a rel=\"noreferrer noopener\" href=\"https:\/\/offensive-gewerkschaftspolitik.de\/wp-content\/uploads\/2022\/07\/28.03.2022_IG-METALL-Salzgitter.pdf\" target=\"_blank\">&#8220;Nein zum Krieg! Nein zur Aufr\u00fcstung! Frieden jetzt!&#8221;<\/a><\/p>\n\n\n\n<p>21. M\u00e4rz 2022: Resolution der Delegiertenversammlung der <strong>IG Metall Osnabr\u00fcck:<\/strong> <a href=\"https:\/\/offensive-gewerkschaftspolitik.de\/wp-content\/uploads\/2022\/04\/Resolution-IG-METALL-Osnabrueck-Nie-wieder-Krieg-1.pdf\" data-type=\"URL\" data-id=\"https:\/\/offensive-gewerkschaftspolitik.de\/wp-content\/uploads\/2022\/04\/Resolution-IG-METALL-Osnabrueck-Nie-wieder-Krieg-1.pdf\">&#8220;Nein zu Krieg! Nein zu Aufr\u00fcstung! Frieden jetzt!&#8221;<\/a><\/p>\n","protected":false},"excerpt":{"rendered":"<p>HET BO\u0419HE \u2013 Nein zum Krieg!Der Krieg in der Ukraine hat uns in eine Art Schockzustand versetzt. Viele haben es sich nicht vorstellen k\u00f6nnen, dass auf dem europ\u00e4ischen Kontinent erneut ein Krieg ausbricht, der auch die Gefahr einer weiteren Eskalation zu einem 3. Weltkrieg beinhaltet.Als Gewerkschafterinnen und Gewerkschafter positionieren wir uns gegen diesen Angriffskrieg und <a class=\"more-link\" href=\"https:\/\/offensive-gewerkschaftspolitik.de\/index.php\/gewerkschaften-fuer-den-frieden\/\">Weiterlesen &#8230;<\/a><\/p>\n","protected":false},"author":4,"featured_media":0,"parent":0,"menu_order":0,"comment_status":"closed","ping_status":"closed","template":"","meta":{"footnotes":""},"class_list":["post-386","page","type-page","status-publish","hentry"],"_links":{"self":[{"href":"https:\/\/offensive-gewerkschaftspolitik.de\/index.php\/wp-json\/wp\/v2\/pages\/386","targetHints":{"allow":["GET"]}}],"collection":[{"href":"https:\/\/offensive-gewerkschaftspolitik.de\/index.php\/wp-json\/wp\/v2\/pages"}],"about":[{"href":"https:\/\/offensive-gewerkschaftspolitik.de\/index.php\/wp-json\/wp\/v2\/types\/page"}],"author":[{"embeddable":true,"href":"https:\/\/offensive-gewerkschaftspolitik.de\/index.php\/wp-json\/wp\/v2\/users\/4"}],"replies":[{"embeddable":true,"href":"https:\/\/offensive-gewerkschaftspolitik.de\/index.php\/wp-json\/wp\/v2\/comments?post=386"}],"version-history":[{"count":29,"href":"https:\/\/offensive-gewerkschaftspolitik.de\/index.php\/wp-json\/wp\/v2\/pages\/386\/revisions"}],"predecessor-version":[{"id":451,"href":"https:\/\/offensive-gewerkschaftspolitik.de\/index.php\/wp-json\/wp\/v2\/pages\/386\/revisions\/451"}],"wp:attachment":[{"href":"https:\/\/offensive-gewerkschaftspolitik.de\/index.php\/wp-json\/wp\/v2\/media?parent=386"}],"curies":[{"name":"wp","href":"https:\/\/api.w.org\/{rel}","templated":true}]}}